{"id":3,"date":"2022-10-11T11:50:31","date_gmt":"2022-10-11T09:50:31","guid":{"rendered":"https:\/\/mineralienliebe.de\/?page_id=3"},"modified":"2022-12-05T14:39:40","modified_gmt":"2022-12-05T13:39:40","slug":"datenschutzerklaerung","status":"publish","type":"page","link":"https:\/\/mineralienliebe.de\/?page_id=3","title":{"rendered":"Datenschutzerkl\u00e4rung"},"content":{"rendered":"<p><\/p>\r\n<div class=\"nv-content-wrap entry-content\">\r\n<div class=\"entry-content\">\r\n<div id=\"pl-3\" class=\"panel-layout\">\r\n<div id=\"pg-3-0\" class=\"panel-grid panel-has-style\">\r\n<div id=\"bg\" class=\"panel-row-style panel-row-style-for-3-0\">\r\n<div id=\"pgc-3-0-0\" class=\"panel-grid-cell\">\r\n<div id=\"panel-3-0-0-0\" class=\"so-panel widget widget_sow-editor panel-first-child panel-last-child\" data-index=\"0\">\r\n<div class=\"so-widget-sow-editor so-widget-sow-editor-base\">\r\n<div class=\"siteorigin-widget-tinymce textwidget\">\r\n<div class=\"entry-content\">\r\n<div class=\"entry-content\">\r\n<h2 class=\"western wp-block-heading\">1. Datenschutz auf einen Blick<\/h2>\r\n<h3 class=\"western\">Allgemeine Hinweise<\/h3>\r\n<p>Die folgenden Hinweise geben einen einfachen \u00dcberblick dar\u00fcber, was mit Ihren personenbezogenen Daten passiert, wenn Sie unsere Website besuchen. Personenbezogene Daten sind alle Daten, mit denen Sie pers\u00f6nlich identifiziert werden k\u00f6nnen. Ausf\u00fchrliche Informationen zum Thema Datenschutz entnehmen Sie unserer unter diesem Text aufgef\u00fchrten Datenschutzerkl\u00e4rung.<\/p>\r\n<h3 class=\"western\">Datenerfassung auf unserer Website<\/h3>\r\n<p><strong>Wer ist verantwortlich f\u00fcr die Datenerfassung auf dieser Website?<\/strong><\/p>\r\n<p align=\"JUSTIFY\">Die Datenverarbeitung auf dieser Website erfolgt durch die <strong>Familie Wesemann<\/strong>. Deren Kontaktdaten k\u00f6nnen Sie dem Impressum dieser Website entnehmen.<\/p>\r\n<p><strong>Wie erfassen wir Ihre Daten?<\/strong><\/p>\r\n<p>Ihre Daten werden zum einen dadurch erhoben, dass Sie uns diese mitteilen.<\/p>\r\n<p><b>Kontaktformular<\/b><\/p>\r\n<p>Wenn Sie uns per Kontaktformular Anfragen zukommen lassen, werden Ihre Angaben aus dem Anfrageformular inklusive der von Ihnen dort angegebenen Kontaktdaten zwecks Bearbeitung der Anfrage und f\u00fcr den Fall von Anschlussfragen bei uns gespeichert. Diese Daten geben wir nicht ohne Ihre Einwilligung weiter.<\/p>\r\n<p>Andere Daten werden automatisch beim Besuch der Website durch unsere IT-Systeme erfasst. Das sind vor allem technische Daten:<\/p>\r\n<p><b>Server-Log-Files<\/b><\/p>\r\n<p>Der Provider der Seiten erhebt und speichert automatisch Informationen in so genannten Server-Log Files, die Ihr Browser automatisch an uns \u00fcbermittelt.<\/p>\r\n<p>Dies sind:<\/p>\r\n<ul>\r\n<li>Browsertyp und Browserversion<\/li>\r\n<li>verwendetes Betriebssystem<\/li>\r\n<li>Referrer URL<\/li>\r\n<li>Hostname des zugreifenden Rechners<\/li>\r\n<li>Uhrzeit der Serveranfrage<\/li>\r\n<\/ul>\r\n<p>Diese Daten sind nicht bestimmten Personen zuordenbar. Eine Zusammenf\u00fchrung dieser Daten mit anderen Datenquellen wird nicht vorgenommen. Die Erfassung dieser Daten erfolgt automatisch, sobald Sie unsere Website betreten. Wir behalten uns vor, diese Daten nachtr\u00e4glich zu pr\u00fcfen, wenn uns konkrete Anhaltspunkte f\u00fcr eine rechtswidrige Nutzung bekannt werden.<\/p>\r\n<p><strong>Wof\u00fcr nutzen wir Ihre Daten?<\/strong><\/p>\r\n<p>Ein Teil der Daten wird erhoben, um eine fehlerfreie Bereitstellung der Website zu gew\u00e4hrleisten. Andere Daten k\u00f6nnen zur Analyse Ihres Nutzerverhaltens verwendet werden.<\/p>\r\n<p><strong>Welche Rechte haben Sie bez\u00fcglich Ihrer Daten?<\/strong><\/p>\r\n<p>Sie haben jederzeit das Recht unentgeltlich Auskunft \u00fcber Herkunft, Empf\u00e4nger und Zweck Ihrer gespeicherten personenbezogenen Daten zu erhalten. Sie haben au\u00dferdem ein Recht, die Berichtigung, Sperrung oder L\u00f6schung dieser Daten zu verlangen. Hierzu sowie zu weiteren Fragen zum Thema Datenschutz k\u00f6nnen Sie sich jederzeit unter der im Impressum angegebenen Adresse an uns wenden. Des Weiteren steht Ihnen ein Beschwerderecht bei der zust\u00e4ndigen Aufsichtsbeh\u00f6rde zu.<\/p>\r\n<h2 class=\"western\">2. Allgemeine Hinweise und Pflichtinformationen<\/h2>\r\n<h3 class=\"western\">Datenschutz<\/h3>\r\n<p class=\"western\"><strong>Die Familie Wesemann<\/strong>, der Betreiber der Webseite, beachtet bei der Erhebung, Verarbeitung und Nutzung von pers\u00f6nlichen und personenbezogenen Daten ihrer Nutzer alle datenschutzrechtlichen Vorschriften, insbesondere die Bestimmungen des Bundesdatenschutzgesetzes (BDSG) und des Telemediengesetzes (TMG) sowie anderer einschl\u00e4giger Rechtsvorschriften.<\/p>\r\n<p>Die vorliegende Erkl\u00e4rung zum Datenschutz gilt ausschlie\u00dflich f\u00fcr die Homepage <a href=\"https:\/\/mineralienliebe.de\">https:\/\/mineralienliebe.de<\/a> und die hier zugeh\u00f6renden Webseiten. Webseiten anderer Anbieter, welche mit unserer Homepage verlinkt sind, unterliegen nicht dieser Erkl\u00e4rung. Entsprechende Hinweise finden sich gegebenenfalls auf den Seiten des jeweiligen Anbieters.<\/p>\r\n<p>Die Nutzung unserer Webseite ist in der Regel ohne Angabe personenbezogener Daten m\u00f6glich. Soweit auf unseren Seiten personenbezogene Daten (beispielsweise Name, Anschrift oder E-Mail-Adressen) erhoben werden, erfolgt dies, soweit m\u00f6glich, stets auf freiwilliger Basis, bzw. f\u00fcr Ihre Anfrage-, Auskunfts- oder Auftragsabwicklung. Diese Daten werden ohne Ihre ausdr\u00fcckliche Zustimmung nicht an Dritte weitergegeben.<\/p>\r\n<p>Wir weisen darauf hin, dass die Daten\u00fcbertragung im Internet (z.B. bei der Kommunikation per E-Mail) Sicherheitsl\u00fccken aufweisen kann. Ein l\u00fcckenloser Schutz der Daten vor dem Zugriff durch Dritte ist nicht m\u00f6glich.<\/p>\r\n<h3 class=\"western\">Hinweis zur verantwortlichen Stelle<\/h3>\r\n<p>Die verantwortliche Stelle f\u00fcr die Datenverarbeitung auf dieser Website ist:<\/p>\r\n<p><strong>Familie Wesemann<\/strong><\/p>\r\n<p>Bockhorster Str. 6<br \/>26897 Esterwegen<\/p>\r\n<p>mobil 0162-4771020<br \/>info@mineralienliebe.de<\/p>\r\n<p>Verantwortliche Stelle ist die nat\u00fcrliche oder juristische Person, die allein oder gemeinsam mit anderen \u00fcber die Zwecke und Mittel der Verarbeitung von personenbezogenen Daten (z.B. Namen, E-Mail-Adressen o. \u00c4.) entscheidet.<\/p>\r\n<p><strong>Erhebung, Verarbeitung und Nutzung personenbezogener Daten bei Bestellungen<\/strong><\/p>\r\n<p>Bei der Bestellung erheben und verwenden wir Ihre personenbezogenen Daten nur, soweit dies zur Erf\u00fcllung und Abwicklung Ihrer Bestellung sowie zur Bearbeitung Ihrer Anfragen erforderlich ist. Die Bereitstellung der Daten ist f\u00fcr den Vertragsschluss erforderlich. Eine Nichtbereitstellung hat zur Folge, dass kein Vertrag geschlossen werden kann. Die Verarbeitung erfolgt auf Grundlage des Art. 6 (1) lit. b DSGVO und ist f\u00fcr die Erf\u00fcllung eines Vertrags mit Ihnen erforderlich. Eine Weitergabe Ihrer Daten an Dritte ohne Ihre ausdr\u00fcckliche Einwilligung erfolgt nicht. Ausgenommen hiervon sind lediglich unsere Dienstleistungspartner, die wir zur Abwicklung des Vertragsverh\u00e4ltnisses ben\u00f6tigen oder Dienstleister derer wir uns im Rahmen einer Auftragsverarbeitung bedienen. Neben den in den jeweiligen Klauseln dieser Datenschutzerkl\u00e4rung benannten Empf\u00e4ngern sind dies beispielsweise Empf\u00e4nger folgender Kategorien: Versanddienstleister, Zahlungsdienstleister, Warenwirtschaftsdienstleister, Diensteanbieter f\u00fcr die Bestellabwicklung, Webhoster, IT-Dienstleister und Dropshipping H\u00e4ndler. In allen F\u00e4llen beachten wir strikt die gesetzlichen Vorgaben. Der Umfang der Daten\u00fcbermittlung beschr\u00e4nkt sich auf ein Mindestma\u00df.<\/p>\r\n<p>Eine Weitergabe personenbezogener Daten an Dritte erfolgt nur, wenn das weitere Einverst\u00e4ndnis des Auftraggebers vorliegt oder die\u00a0<strong>Familie Wesemann <\/strong>zur Herausgabe dieser Daten verpflichtet ist, z.B. aufgrund einer gerichtlichen Verf\u00fcgung oder beh\u00f6rdlichen Anordnung.<\/p>\r\n<h3 class=\"western\">Widerruf Ihrer Einwilligung zur Datenverarbeitung<\/h3>\r\n<p>Viele Datenverarbeitungsvorg\u00e4nge sind nur mit Ihrer ausdr\u00fccklichen Einwilligung m\u00f6glich. Sie k\u00f6nnen eine bereits erteilte Einwilligung jederzeit widerrufen. Dazu reicht eine formlose Mitteilung per E-Mail an uns. Die Rechtm\u00e4\u00dfigkeit der bis zum Widerruf erfolgten Datenverarbeitung bleibt vom Widerruf unber\u00fchrt.<\/p>\r\n<h3 class=\"western\">SSL- bzw. TLS-Verschl\u00fcsselung<\/h3>\r\n<p>Diese Seite nutzt aus Sicherheitsgr\u00fcnden und zum Schutz der \u00dcbertragung vertraulicher Inhalte, wie zum Beispiel Bestellungen oder Anfragen, die Sie an uns als Seitenbetreiber senden, eine SSL-bzw. TLSVerschl&amp; uuml;sselung. Eine verschl\u00fcsselte Verbindung erkennen Sie daran, dass die Adresszeile des Browsers von \u201chttp:\/\/\u201d auf \u201chttps:\/\/\u201d wechselt und an dem Schloss-Symbol in Ihrer Browserzeile.<\/p>\r\n<p>Wenn die SSL- bzw. TLS-Verschl\u00fcsselung aktiviert ist, k\u00f6nnen die Daten, die Sie an uns \u00fcbermitteln, nicht von Dritten mitgelesen werden.<\/p>\r\n<h3 class=\"western\">Auskunft, Sperrung, L\u00f6schung<\/h3>\r\n<p>Sie haben im Rahmen der geltenden gesetzlichen Bestimmungen jederzeit das Recht auf unentgeltliche Auskunft \u00fcber Ihre gespeicherten personenbezogenen Daten, deren Herkunft und Empf\u00e4nger und den Zweck der Datenverarbeitung und ggf. ein Recht auf Berichtigung, Sperrung oder L\u00f6schung dieser Daten. Hierzu sowie zu weiteren Fragen zum Thema personenbezogene Daten k\u00f6nnen Sie sich jederzeit unter der im Impressum angegebenen Adresse an uns wenden.<\/p>\r\n<h3 class=\"western\">Widerspruch gegen Werbe-Mails<\/h3>\r\n<p>Der Nutzung von im Rahmen der Impressumspflicht ver\u00f6ffentlichten Kontaktdaten zur \u00dcbersendung von nicht ausdr\u00fccklich angeforderter Werbung und Informationsmaterialien wird hiermit widersprochen. Die Betreiber der Seiten behalten sich ausdr\u00fccklich rechtliche Schritte im Falle der unverlangten Zusendung von Werbeinformationen, etwa durch Spam-E-Mails, vor.<\/p>\r\n<h2 class=\"western\">3. Soziale Medien<\/h2>\r\n<h3 class=\"western\">Twitter Plugin<\/h3>\r\n<p>Auf unseren Seiten sind Funktionen des Dienstes Twitter eingebunden. Diese Funktionen werden angeboten durch die Twitter Inc., 1355 Market Street, Suite 900, San Francisco, CA 94103, USA. Durch das Benutzen von Twitter und der Funktion \u201eRe-Tweet\u201c werden die von Ihnen besuchten Websites mit Ihrem Twitter-Account verkn\u00fcpft und anderen Nutzern bekannt gegeben. Dabei werden auch Daten an Twitter \u00fcbertragen. Wir weisen darauf hin, dass wir als Anbieter der Seiten keine Kenntnis vom Inhalt der \u00fcbermittelten Daten sowie deren Nutzung durch Twitter erhalten. Weitere Informationen hierzu finden Sie in der Datenschutzerkl\u00e4rung von Twitter unter: <a href=\"https:\/\/twitter.com\/privacy\" target=\"_blank\" rel=\"noopener noreferrer\">https:\/\/twitter.com\/privacy<\/a>.<\/p>\r\n<p>Ihre Datenschutzeinstellungen bei Twitter k\u00f6nnen Sie in den Konto-Einstellungen unter <a href=\"https:\/\/twitter.com\/account\/settings\" target=\"_blank\" rel=\"noopener noreferrer\">https:\/\/twitter.com\/account\/settings<\/a> \u00e4ndern.<\/p>\r\n<h3 class=\"western\">Google+ Plugin<\/h3>\r\n<p>Unsere Seiten nutzen Funktionen von Google+. Anbieter ist die Google Inc., 1600 Amphitheatre<br \/>Parkway, Mountain View, CA 94043, USA.<\/p>\r\n<p>Erfassung und Weitergabe von Informationen: Mithilfe der Google+-Schaltfl\u00e4che k\u00f6nnen Sie Informationen weltweit ver\u00f6ffentlichen. \u00dcber die Google+-Schaltfl\u00e4che erhalten Sie und andere Nutzer personalisierte Inhalte von Google und unseren Partnern. Google speichert sowohl die Information, dass Sie f\u00fcr einen Inhalt +1 gegeben haben, als auch Informationen \u00fcber die Seite, die Sie beim Klicken auf +1 angesehen haben. Ihre +1 k\u00f6nnen als Hinweise zusammen mit Ihrem Profilnamen und Ihrem Foto in Google-Diensten, wie etwa in Suchergebnissen oder in Ihrem Google-Profil, oder an anderen Stellen auf Websites und Anzeigen im Internet eingeblendet werden.<\/p>\r\n<p>Google zeichnet Informationen \u00fcber Ihre +1-<br \/>Aktivit\u00e4ten auf, um die Google-Dienste f\u00fcr Sie und andere zu verbessern. Um die Google+-<br \/>Schaltfl\u00e4che verwenden zu k\u00f6nnen, ben\u00f6tigen Sie ein weltweit sichtbares,<br \/>\u00f6ffentliches Google-Profil, das zumindest den f\u00fcr das Profil gew\u00e4hlten Namen enthalten<br \/>muss. Dieser Name wird in allen Google-Diensten verwendet. In manchen F\u00e4llen kann dieser Name<br \/>auch einen anderen Namen ersetzen, den Sie beim Teilen von Inhalten \u00fcber Ihr Google-Konto<br \/>verwendet haben. Die Identit\u00e4t Ihres Google-Profils kann Nutzern angezeigt werden, die Ihre E-Mail-<br \/>Adresse kennen oder \u00fcber andere identifizierende Informationen von Ihnen verf\u00fcgen.<\/p>\r\n<p>Verwendung der erfassten Informationen: Neben den oben erl\u00e4uterten Verwendungszwecken<br \/>werden die von Ihnen bereitgestellten Informationen gem\u00e4\u00df den geltenden Google-<br \/>Datenschutzbestimmungen genutzt. Google ver\u00f6ffentlicht m\u00f6glicherweise zusammengefasste<br \/>Statistiken \u00fcber die +1-Aktivit\u00e4ten der Nutzer bzw. gibt diese an Nutzer und Partner weiter, wie<br \/>etwa Publisher, Inserenten oder verbundene Websites.<\/p>\r\n<h2 class=\"western\">4. Plugins und Tools<\/h2>\r\n<h3 class=\"western\">Google Web Fonts<\/h3>\r\n<p>Diese Seite nutzt zur einheitlichen Darstellung von Schriftarten so genannte Web<br \/>Fonts, die von Google bereitgestellt werden. Beim Aufruf einer Seite l\u00e4dt Ihr Browser die<br \/>ben\u00f6tigten Web Fonts in ihren Browsercache, um Texte und Schriftarten korrekt anzuzeigen.<\/p>\r\n<p>Zu diesem Zweck muss der von Ihnen verwendete Browser Verbindung zu den Servern von Google<br \/>aufnehmen. Hierdurch erlangt Google Kenntnis dar\u00fcber, dass \u00fcber Ihre IP-Adresse unsere<br \/>Website aufgerufen wurde. Die Nutzung von Google Web Fonts erfolgt im Interesse einer einheitlichen<br \/>und ansprechenden Darstellung unserer Online-Angebote. Dies stellt ein berechtigtes Interesse im Sinne<br \/>von Art. 6 Abs. 1 lit. f DSGVO dar.<\/p>\r\n<p>Wenn Ihr Browser Web Fonts nicht unterst\u00fctzt, wird eine Standardschrift von Ihrem Computer genutzt.<\/p>\r\n<p>Weitere Informationen zu Google Web Fonts finden<br \/>Sie unter <a href=\"https:\/\/developers.google.com\/fonts\/faq\" target=\"_blank\" rel=\"noopener noreferrer\">https:\/\/developers.google.com\/fonts\/faq<\/a> und in der Datenschutzerkl\u00e4rung von Google: <a href=\"https:\/\/www.google.com\/policies\/privacy\/\" target=\"_blank\" rel=\"noopener noreferrer\">https:\/\/www.google.com\/policies\/privacy\/<\/a>.<\/p>\r\n<h3 class=\"western\">Google Maps<\/h3>\r\n<p>Diese Seite nutzt \u00fcber eine API den Kartendienst Google Maps. Anbieter ist die Google Inc., 1600 Amphitheatre Parkway, Mountain View, CA 94043, USA.<\/p>\r\n<p>Zur Nutzung der Funktionen von Google Maps ist es notwendig, Ihre IP Adresse zu speichern. Diese Informationen werden in der Regel an einen Server von Google in den USA \u00fcbertragen und dort gespeichert. Der Anbieter dieser Seite hat keinen Einfluss auf diese Daten\u00fcbertragung.<\/p>\r\n<p>Die Nutzung von Google Maps erfolgt im Interesse einer ansprechenden Darstellung unserer Online-Angebote und an einer leichten Auffindbarkeit der von uns auf der Website angegebenen Orte. Dies stellt ein berechtigtes Interesse im Sinne von Art. 6 Abs. 1 lit. f DSGVO dar.<\/p>\r\n<p>Mehr Informationen zum Umgang mit Nutzerdaten finden Sie in der Datenschutzerkl\u00e4rung von Google: <a href=\"https:\/\/www.google.de\/intl\/de\/policies\/privacy\/\" target=\"_blank\" rel=\"noopener noreferrer\">https:\/\/www.google.de\/intl\/de\/policies\/privacy\/<\/a>.<\/p>\r\n<\/div>\r\n<\/div>\r\n<\/div>\r\n<\/div>\r\n<\/div>\r\n<\/div>\r\n<\/div>\r\n<\/div>\r\n<\/div>\r\n<\/div>\r\n<\/div>\r\n<p>&nbsp;<\/p>\r\n<p><\/p>","protected":false},"excerpt":{"rendered":"<p>1. Datenschutz auf einen Blick Allgemeine Hinweise Die folgenden Hinweise geben einen einfachen \u00dcberblick dar\u00fcber, was mit Ihren personenbezogenen Daten passiert, wenn Sie unsere Website besuchen. Personenbezogene Daten sind alle Daten, mit denen Sie pers\u00f6nlich identifiziert werden k\u00f6nnen. Ausf\u00fchrliche Informationen zum Thema Datenschutz entnehmen Sie unserer unter diesem Text aufgef\u00fchrten Datenschutzerkl\u00e4rung. Datenerfassung auf unserer Website [&hellip;]<\/p>\n","protected":false},"author":1,"featured_media":0,"parent":0,"menu_order":0,"comment_status":"closed","ping_status":"closed","template":"","meta":{"site-sidebar-layout":"default","site-content-layout":"default","ast-site-content-layout":"","site-content-style":"default","site-sidebar-style":"default","ast-global-header-display":"","ast-banner-title-visibility":"","ast-main-header-display":"","ast-hfb-above-header-display":"","ast-hfb-below-header-display":"","ast-hfb-mobile-header-display":"","site-post-title":"","ast-breadcrumbs-content":"","ast-featured-img":"","footer-sml-layout":"","theme-transparent-header-meta":"default","adv-header-id-meta":"","stick-header-meta":"","header-above-stick-meta":"","header-main-stick-meta":"","header-below-stick-meta":"","astra-migrate-meta-layouts":"default","ast-page-background-enabled":"default","ast-page-background-meta":{"desktop":{"background-color":"var(--ast-global-color-4)","background-image":"","background-repeat":"repeat","background-position":"center center","background-size":"auto","background-attachment":"scroll","background-type":"","background-media":"","overlay-type":"","overlay-color":"","overlay-gradient":""},"tablet":{"background-color":"","background-image":"","background-repeat":"repeat","background-position":"center center","background-size":"auto","background-attachment":"scroll","background-type":"","background-media":"","overlay-type":"","overlay-color":"","overlay-gradient":""},"mobile":{"background-color":"","background-image":"","background-repeat":"repeat","background-position":"center center","background-size":"auto","background-attachment":"scroll","background-type":"","background-media":"","overlay-type":"","overlay-color":"","overlay-gradient":""}},"ast-content-background-meta":{"desktop":{"background-color":"var(--ast-global-color-5)","background-image":"","background-repeat":"repeat","background-position":"center center","background-size":"auto","background-attachment":"scroll","background-type":"","background-media":"","overlay-type":"","overlay-color":"","overlay-gradient":""},"tablet":{"background-color":"var(--ast-global-color-5)","background-image":"","background-repeat":"repeat","background-position":"center center","background-size":"auto","background-attachment":"scroll","background-type":"","background-media":"","overlay-type":"","overlay-color":"","overlay-gradient":""},"mobile":{"background-color":"var(--ast-global-color-5)","background-image":"","background-repeat":"repeat","background-position":"center center","background-size":"auto","background-attachment":"scroll","background-type":"","background-media":"","overlay-type":"","overlay-color":"","overlay-gradient":""}},"footnotes":""},"class_list":["post-3","page","type-page","status-publish"],"yoast_head":"<!-- This site is optimized with the Yoast SEO plugin v22.0 - https:\/\/yoast.com\/wordpress\/plugins\/seo\/ -->\n<title>Datenschutzerkl\u00e4rung - Mineralienliebe.de<\/title>\n<meta name=\"robots\" content=\"index, follow, max-snippet:-1, max-image-preview:large, max-video-preview:-1\" \/>\n<link rel=\"canonical\" href=\"https:\/\/mineralienliebe.de\/?page_id=3\" \/>\n<meta property=\"og:locale\" content=\"de_DE\" \/>\n<meta property=\"og:type\" content=\"article\" \/>\n<meta property=\"og:title\" content=\"Datenschutzerkl\u00e4rung - Mineralienliebe.de\" \/>\n<meta property=\"og:description\" content=\"1. Datenschutz auf einen Blick Allgemeine Hinweise Die folgenden Hinweise geben einen einfachen \u00dcberblick dar\u00fcber, was mit Ihren personenbezogenen Daten passiert, wenn Sie unsere Website besuchen. Personenbezogene Daten sind alle Daten, mit denen Sie pers\u00f6nlich identifiziert werden k\u00f6nnen. Ausf\u00fchrliche Informationen zum Thema Datenschutz entnehmen Sie unserer unter diesem Text aufgef\u00fchrten Datenschutzerkl\u00e4rung. Datenerfassung auf unserer Website [&hellip;]\" \/>\n<meta property=\"og:url\" content=\"https:\/\/mineralienliebe.de\/?page_id=3\" \/>\n<meta property=\"og:site_name\" content=\"Mineralienliebe.de\" \/>\n<meta property=\"article:modified_time\" content=\"2022-12-05T13:39:40+00:00\" \/>\n<meta property=\"og:image\" content=\"https:\/\/mineralienliebe.de\/wp-content\/uploads\/2022\/12\/cropped-Logo-e1679942130143.jpg\" \/>\n\t<meta property=\"og:image:width\" content=\"896\" \/>\n\t<meta property=\"og:image:height\" content=\"899\" \/>\n\t<meta property=\"og:image:type\" content=\"image\/jpeg\" \/>\n<meta name=\"twitter:card\" content=\"summary_large_image\" \/>\n<meta name=\"twitter:label1\" content=\"Gesch\u00e4tzte Lesezeit\" \/>\n\t<meta name=\"twitter:data1\" content=\"9\u00a0Minuten\" \/>\n<script type=\"application\/ld+json\" class=\"yoast-schema-graph\">{\"@context\":\"https:\/\/schema.org\",\"@graph\":[{\"@type\":\"WebPage\",\"@id\":\"https:\/\/mineralienliebe.de\/?page_id=3\",\"url\":\"https:\/\/mineralienliebe.de\/?page_id=3\",\"name\":\"Datenschutzerkl\u00e4rung - Mineralienliebe.de\",\"isPartOf\":{\"@id\":\"https:\/\/mineralienliebe.de\/#website\"},\"datePublished\":\"2022-10-11T09:50:31+00:00\",\"dateModified\":\"2022-12-05T13:39:40+00:00\",\"breadcrumb\":{\"@id\":\"https:\/\/mineralienliebe.de\/?page_id=3#breadcrumb\"},\"inLanguage\":\"de\",\"potentialAction\":[{\"@type\":\"ReadAction\",\"target\":[\"https:\/\/mineralienliebe.de\/?page_id=3\"]}]},{\"@type\":\"BreadcrumbList\",\"@id\":\"https:\/\/mineralienliebe.de\/?page_id=3#breadcrumb\",\"itemListElement\":[{\"@type\":\"ListItem\",\"position\":1,\"name\":\"Startseite\",\"item\":\"https:\/\/mineralienliebe.de\/\"},{\"@type\":\"ListItem\",\"position\":2,\"name\":\"Datenschutzerkl\u00e4rung\"}]},{\"@type\":\"WebSite\",\"@id\":\"https:\/\/mineralienliebe.de\/#website\",\"url\":\"https:\/\/mineralienliebe.de\/\",\"name\":\"Mineralienliebe.de\",\"description\":\"\",\"publisher\":{\"@id\":\"https:\/\/mineralienliebe.de\/#organization\"},\"potentialAction\":[{\"@type\":\"SearchAction\",\"target\":{\"@type\":\"EntryPoint\",\"urlTemplate\":\"https:\/\/mineralienliebe.de\/?s={search_term_string}\"},\"query-input\":\"required name=search_term_string\"}],\"inLanguage\":\"de\"},{\"@type\":\"Organization\",\"@id\":\"https:\/\/mineralienliebe.de\/#organization\",\"name\":\"Mineralienliebe.de\",\"url\":\"https:\/\/mineralienliebe.de\/\",\"logo\":{\"@type\":\"ImageObject\",\"inLanguage\":\"de\",\"@id\":\"https:\/\/mineralienliebe.de\/#\/schema\/logo\/image\/\",\"url\":\"https:\/\/mineralienliebe.de\/wp-content\/uploads\/2022\/12\/cropped-Logo-e1679942130143.jpg\",\"contentUrl\":\"https:\/\/mineralienliebe.de\/wp-content\/uploads\/2022\/12\/cropped-Logo-e1679942130143.jpg\",\"width\":896,\"height\":899,\"caption\":\"Mineralienliebe.de\"},\"image\":{\"@id\":\"https:\/\/mineralienliebe.de\/#\/schema\/logo\/image\/\"}}]}<\/script>\n<!-- \/ Yoast SEO plugin. -->","yoast_head_json":{"title":"Datenschutzerkl\u00e4rung - Mineralienliebe.de","robots":{"index":"index","follow":"follow","max-snippet":"max-snippet:-1","max-image-preview":"max-image-preview:large","max-video-preview":"max-video-preview:-1"},"canonical":"https:\/\/mineralienliebe.de\/?page_id=3","og_locale":"de_DE","og_type":"article","og_title":"Datenschutzerkl\u00e4rung - Mineralienliebe.de","og_description":"1. Datenschutz auf einen Blick Allgemeine Hinweise Die folgenden Hinweise geben einen einfachen \u00dcberblick dar\u00fcber, was mit Ihren personenbezogenen Daten passiert, wenn Sie unsere Website besuchen. Personenbezogene Daten sind alle Daten, mit denen Sie pers\u00f6nlich identifiziert werden k\u00f6nnen. Ausf\u00fchrliche Informationen zum Thema Datenschutz entnehmen Sie unserer unter diesem Text aufgef\u00fchrten Datenschutzerkl\u00e4rung. Datenerfassung auf unserer Website [&hellip;]","og_url":"https:\/\/mineralienliebe.de\/?page_id=3","og_site_name":"Mineralienliebe.de","article_modified_time":"2022-12-05T13:39:40+00:00","og_image":[{"width":896,"height":899,"url":"https:\/\/mineralienliebe.de\/wp-content\/uploads\/2022\/12\/cropped-Logo-e1679942130143.jpg","type":"image\/jpeg"}],"twitter_card":"summary_large_image","twitter_misc":{"Gesch\u00e4tzte Lesezeit":"9\u00a0Minuten"},"schema":{"@context":"https:\/\/schema.org","@graph":[{"@type":"WebPage","@id":"https:\/\/mineralienliebe.de\/?page_id=3","url":"https:\/\/mineralienliebe.de\/?page_id=3","name":"Datenschutzerkl\u00e4rung - Mineralienliebe.de","isPartOf":{"@id":"https:\/\/mineralienliebe.de\/#website"},"datePublished":"2022-10-11T09:50:31+00:00","dateModified":"2022-12-05T13:39:40+00:00","breadcrumb":{"@id":"https:\/\/mineralienliebe.de\/?page_id=3#breadcrumb"},"inLanguage":"de","potentialAction":[{"@type":"ReadAction","target":["https:\/\/mineralienliebe.de\/?page_id=3"]}]},{"@type":"BreadcrumbList","@id":"https:\/\/mineralienliebe.de\/?page_id=3#breadcrumb","itemListElement":[{"@type":"ListItem","position":1,"name":"Startseite","item":"https:\/\/mineralienliebe.de\/"},{"@type":"ListItem","position":2,"name":"Datenschutzerkl\u00e4rung"}]},{"@type":"WebSite","@id":"https:\/\/mineralienliebe.de\/#website","url":"https:\/\/mineralienliebe.de\/","name":"Mineralienliebe.de","description":"","publisher":{"@id":"https:\/\/mineralienliebe.de\/#organization"},"potentialAction":[{"@type":"SearchAction","target":{"@type":"EntryPoint","urlTemplate":"https:\/\/mineralienliebe.de\/?s={search_term_string}"},"query-input":"required name=search_term_string"}],"inLanguage":"de"},{"@type":"Organization","@id":"https:\/\/mineralienliebe.de\/#organization","name":"Mineralienliebe.de","url":"https:\/\/mineralienliebe.de\/","logo":{"@type":"ImageObject","inLanguage":"de","@id":"https:\/\/mineralienliebe.de\/#\/schema\/logo\/image\/","url":"https:\/\/mineralienliebe.de\/wp-content\/uploads\/2022\/12\/cropped-Logo-e1679942130143.jpg","contentUrl":"https:\/\/mineralienliebe.de\/wp-content\/uploads\/2022\/12\/cropped-Logo-e1679942130143.jpg","width":896,"height":899,"caption":"Mineralienliebe.de"},"image":{"@id":"https:\/\/mineralienliebe.de\/#\/schema\/logo\/image\/"}}]}},"_links":{"self":[{"href":"https:\/\/mineralienliebe.de\/index.php?rest_route=\/wp\/v2\/pages\/3","targetHints":{"allow":["GET"]}}],"collection":[{"href":"https:\/\/mineralienliebe.de\/index.php?rest_route=\/wp\/v2\/pages"}],"about":[{"href":"https:\/\/mineralienliebe.de\/index.php?rest_route=\/wp\/v2\/types\/page"}],"author":[{"embeddable":true,"href":"https:\/\/mineralienliebe.de\/index.php?rest_route=\/wp\/v2\/users\/1"}],"replies":[{"embeddable":true,"href":"https:\/\/mineralienliebe.de\/index.php?rest_route=%2Fwp%2Fv2%2Fcomments&post=3"}],"version-history":[{"count":8,"href":"https:\/\/mineralienliebe.de\/index.php?rest_route=\/wp\/v2\/pages\/3\/revisions"}],"predecessor-version":[{"id":447,"href":"https:\/\/mineralienliebe.de\/index.php?rest_route=\/wp\/v2\/pages\/3\/revisions\/447"}],"wp:attachment":[{"href":"https:\/\/mineralienliebe.de\/index.php?rest_route=%2Fwp%2Fv2%2Fmedia&parent=3"}],"curies":[{"name":"wp","href":"https:\/\/api.w.org\/{rel}","templated":true}]}}