{"id":103,"date":"2022-11-07T16:52:55","date_gmt":"2022-11-07T15:52:55","guid":{"rendered":"https:\/\/mineralienliebe.de\/?post_type=product&#038;p=103"},"modified":"2022-11-23T12:07:03","modified_gmt":"2022-11-23T11:07:03","slug":"rosenquarz-gross","status":"publish","type":"product","link":"https:\/\/mineralienliebe.de\/?product=rosenquarz-gross","title":{"rendered":"Rosenquarz gro\u00df"},"content":{"rendered":"<p><em>Wirkung<\/em>:<\/p>\n<p>&#8211; kann vorbeugend bei Thrombose und Herzinfarkt wirken<\/p>\n<p>&#8211; kann eine sch\u00fctzende Wirkung auf Brust, Eierst\u00f6cke, Geb\u00e4rmutter und Hoden haben<\/p>\n<p>&#8211; kann, unter das Kopfkissen gelegt, vor \u00a0Depressionen und Schlafst\u00f6rungen bewahren<\/p>\n<p>&#8211; kann das Bed\u00fcrfnis nach Liebe verst\u00e4rken<\/p>\n<p>&#8211; kann den Sinn zur Sch\u00f6nheit best\u00e4rken<\/p>\n<p>&#8211; kann gegen Liebeskummer helfen<\/p>\n<p>&nbsp;<\/p>\n<p><em>Ihr Lieben, bitte beachtet:\u00a0<\/em><\/p>\n<p><em>Alle Heilsteine, Edelsteine, Kristalle und Mineralien sind Naturmaterialien und von daher sind Abweichungen in Farbe und Form sowie Einschl\u00fcsse kein Mangel oder Reklamationsgrund. Ebenso ersetzten diese Produkte nicht den Gang zum Arzt, da ihre Wirksamkeit weder wissenschaftlich nachweisbar, noch medizinisch anerkannt ist<\/em><\/p>\n","protected":false},"excerpt":{"rendered":"<p>A &#8211; Qualit\u00e4t<\/p>\n<p>ca. 3 cm<\/p>\n<p>handpoliert<\/p>\n<p>aus Madagaskar<\/p>\n<p>&nbsp;<\/p>\n","protected":false},"featured_media":95,"comment_status":"closed","ping_status":"closed","template":"","meta":{"site-sidebar-layout":"default","site-content-layout":"default","ast-site-content-layout":"","site-content-style":"default","site-sidebar-style":"default","ast-global-header-display":"","ast-banner-title-visibility":"","ast-main-header-display":"","ast-hfb-above-header-display":"","ast-hfb-below-header-display":"","ast-hfb-mobile-header-display":"","site-post-title":"","ast-breadcrumbs-content":"","ast-featured-img":"","footer-sml-layout":"","theme-transparent-header-meta":"default","adv-header-id-meta":"","stick-header-meta":"","header-above-stick-meta":"","header-main-stick-meta":"","header-below-stick-meta":"","astra-migrate-meta-layouts":"default","ast-page-background-enabled":"default","ast-page-background-meta":{"desktop":{"background-color":"var(--ast-global-color-4)","background-image":"","background-repeat":"repeat","background-position":"center center","background-size":"auto","background-attachment":"scroll","background-type":"","background-media":"","overlay-type":"","overlay-color":"","overlay-gradient":""},"tablet":{"background-color":"","background-image":"","background-repeat":"repeat","background-position":"center center","background-size":"auto","background-attachment":"scroll","background-type":"","background-media":"","overlay-type":"","overlay-color":"","overlay-gradient":""},"mobile":{"background-color":"","background-image":"","background-repeat":"repeat","background-position":"center center","background-size":"auto","background-attachment":"scroll","background-type":"","background-media":"","overlay-type":"","overlay-color":"","overlay-gradient":""}},"ast-content-background-meta":{"desktop":{"background-color":"var(--ast-global-color-5)","background-image":"","background-repeat":"repeat","background-position":"center center","background-size":"auto","background-attachment":"scroll","background-type":"","background-media":"","overlay-type":"","overlay-color":"","overlay-gradient":""},"tablet":{"background-color":"var(--ast-global-color-5)","background-image":"","background-repeat":"repeat","background-position":"center center","background-size":"auto","background-attachment":"scroll","background-type":"","background-media":"","overlay-type":"","overlay-color":"","overlay-gradient":""},"mobile":{"background-color":"var(--ast-global-color-5)","background-image":"","background-repeat":"repeat","background-position":"center center","background-size":"auto","background-attachment":"scroll","background-type":"","background-media":"","overlay-type":"","overlay-color":"","overlay-gradient":""}}},"product_cat":[37],"product_tag":[],"class_list":{"0":"post-103","1":"product","2":"type-product","3":"status-publish","4":"has-post-thumbnail","6":"product_cat-trommelsteine","7":"desktop-align-left","8":"tablet-align-left","9":"mobile-align-left","11":"first","12":"instock","13":"taxable","14":"shipping-taxable","15":"purchasable","16":"product-type-simple"},"yoast_head":"<!-- This site is optimized with the Yoast SEO plugin v22.0 - https:\/\/yoast.com\/wordpress\/plugins\/seo\/ -->\n<title>Rosenquarz gro\u00df - Mineralienliebe.de<\/title>\n<meta name=\"robots\" content=\"index, follow, max-snippet:-1, max-image-preview:large, max-video-preview:-1\" \/>\n<link rel=\"canonical\" href=\"https:\/\/mineralienliebe.de\/?product=rosenquarz-gross\" \/>\n<meta property=\"og:locale\" content=\"de_DE\" \/>\n<meta property=\"og:type\" content=\"article\" \/>\n<meta property=\"og:title\" content=\"Rosenquarz gro\u00df - Mineralienliebe.de\" \/>\n<meta property=\"og:description\" content=\"A - Qualit\u00e4t  ca. 3 cm  handpoliert  aus Madagaskar  &nbsp;\" \/>\n<meta property=\"og:url\" content=\"https:\/\/mineralienliebe.de\/?product=rosenquarz-gross\" \/>\n<meta property=\"og:site_name\" content=\"Mineralienliebe.de\" \/>\n<meta property=\"article:modified_time\" content=\"2022-11-23T11:07:03+00:00\" \/>\n<meta property=\"og:image\" content=\"https:\/\/mineralienliebe.de\/wp-content\/uploads\/2022\/11\/Rosenquarz-scaled.jpg\" \/>\n\t<meta property=\"og:image:width\" content=\"1920\" \/>\n\t<meta property=\"og:image:height\" content=\"2560\" \/>\n\t<meta property=\"og:image:type\" content=\"image\/jpeg\" \/>\n<meta name=\"twitter:card\" content=\"summary_large_image\" \/>\n<meta name=\"twitter:label1\" content=\"Gesch\u00e4tzte Lesezeit\" \/>\n\t<meta name=\"twitter:data1\" content=\"1\u00a0Minute\" \/>\n<script type=\"application\/ld+json\" class=\"yoast-schema-graph\">{\"@context\":\"https:\/\/schema.org\",\"@graph\":[{\"@type\":\"WebPage\",\"@id\":\"https:\/\/mineralienliebe.de\/?product=rosenquarz-gross\",\"url\":\"https:\/\/mineralienliebe.de\/?product=rosenquarz-gross\",\"name\":\"Rosenquarz gro\u00df - Mineralienliebe.de\",\"isPartOf\":{\"@id\":\"https:\/\/mineralienliebe.de\/#website\"},\"datePublished\":\"2022-11-07T15:52:55+00:00\",\"dateModified\":\"2022-11-23T11:07:03+00:00\",\"breadcrumb\":{\"@id\":\"https:\/\/mineralienliebe.de\/?product=rosenquarz-gross#breadcrumb\"},\"inLanguage\":\"de\",\"potentialAction\":[{\"@type\":\"ReadAction\",\"target\":[\"https:\/\/mineralienliebe.de\/?product=rosenquarz-gross\"]}]},{\"@type\":\"BreadcrumbList\",\"@id\":\"https:\/\/mineralienliebe.de\/?product=rosenquarz-gross#breadcrumb\",\"itemListElement\":[{\"@type\":\"ListItem\",\"position\":1,\"name\":\"Startseite\",\"item\":\"https:\/\/mineralienliebe.de\/\"},{\"@type\":\"ListItem\",\"position\":2,\"name\":\"Shop\",\"item\":\"https:\/\/mineralienliebe.de\/?page_id=7\"},{\"@type\":\"ListItem\",\"position\":3,\"name\":\"Rosenquarz gro\u00df\"}]},{\"@type\":\"WebSite\",\"@id\":\"https:\/\/mineralienliebe.de\/#website\",\"url\":\"https:\/\/mineralienliebe.de\/\",\"name\":\"Mineralienliebe.de\",\"description\":\"\",\"publisher\":{\"@id\":\"https:\/\/mineralienliebe.de\/#organization\"},\"potentialAction\":[{\"@type\":\"SearchAction\",\"target\":{\"@type\":\"EntryPoint\",\"urlTemplate\":\"https:\/\/mineralienliebe.de\/?s={search_term_string}\"},\"query-input\":\"required name=search_term_string\"}],\"inLanguage\":\"de\"},{\"@type\":\"Organization\",\"@id\":\"https:\/\/mineralienliebe.de\/#organization\",\"name\":\"Mineralienliebe.de\",\"url\":\"https:\/\/mineralienliebe.de\/\",\"logo\":{\"@type\":\"ImageObject\",\"inLanguage\":\"de\",\"@id\":\"https:\/\/mineralienliebe.de\/#\/schema\/logo\/image\/\",\"url\":\"https:\/\/mineralienliebe.de\/wp-content\/uploads\/2022\/12\/cropped-Logo-e1679942130143.jpg\",\"contentUrl\":\"https:\/\/mineralienliebe.de\/wp-content\/uploads\/2022\/12\/cropped-Logo-e1679942130143.jpg\",\"width\":896,\"height\":899,\"caption\":\"Mineralienliebe.de\"},\"image\":{\"@id\":\"https:\/\/mineralienliebe.de\/#\/schema\/logo\/image\/\"}}]}<\/script>\n<!-- \/ Yoast SEO plugin. -->","yoast_head_json":{"title":"Rosenquarz gro\u00df - Mineralienliebe.de","robots":{"index":"index","follow":"follow","max-snippet":"max-snippet:-1","max-image-preview":"max-image-preview:large","max-video-preview":"max-video-preview:-1"},"canonical":"https:\/\/mineralienliebe.de\/?product=rosenquarz-gross","og_locale":"de_DE","og_type":"article","og_title":"Rosenquarz gro\u00df - Mineralienliebe.de","og_description":"A - Qualit\u00e4t  ca. 3 cm  handpoliert  aus Madagaskar  &nbsp;","og_url":"https:\/\/mineralienliebe.de\/?product=rosenquarz-gross","og_site_name":"Mineralienliebe.de","article_modified_time":"2022-11-23T11:07:03+00:00","og_image":[{"width":1920,"height":2560,"url":"https:\/\/mineralienliebe.de\/wp-content\/uploads\/2022\/11\/Rosenquarz-scaled.jpg","type":"image\/jpeg"}],"twitter_card":"summary_large_image","twitter_misc":{"Gesch\u00e4tzte Lesezeit":"1\u00a0Minute"},"schema":{"@context":"https:\/\/schema.org","@graph":[{"@type":"WebPage","@id":"https:\/\/mineralienliebe.de\/?product=rosenquarz-gross","url":"https:\/\/mineralienliebe.de\/?product=rosenquarz-gross","name":"Rosenquarz gro\u00df - Mineralienliebe.de","isPartOf":{"@id":"https:\/\/mineralienliebe.de\/#website"},"datePublished":"2022-11-07T15:52:55+00:00","dateModified":"2022-11-23T11:07:03+00:00","breadcrumb":{"@id":"https:\/\/mineralienliebe.de\/?product=rosenquarz-gross#breadcrumb"},"inLanguage":"de","potentialAction":[{"@type":"ReadAction","target":["https:\/\/mineralienliebe.de\/?product=rosenquarz-gross"]}]},{"@type":"BreadcrumbList","@id":"https:\/\/mineralienliebe.de\/?product=rosenquarz-gross#breadcrumb","itemListElement":[{"@type":"ListItem","position":1,"name":"Startseite","item":"https:\/\/mineralienliebe.de\/"},{"@type":"ListItem","position":2,"name":"Shop","item":"https:\/\/mineralienliebe.de\/?page_id=7"},{"@type":"ListItem","position":3,"name":"Rosenquarz gro\u00df"}]},{"@type":"WebSite","@id":"https:\/\/mineralienliebe.de\/#website","url":"https:\/\/mineralienliebe.de\/","name":"Mineralienliebe.de","description":"","publisher":{"@id":"https:\/\/mineralienliebe.de\/#organization"},"potentialAction":[{"@type":"SearchAction","target":{"@type":"EntryPoint","urlTemplate":"https:\/\/mineralienliebe.de\/?s={search_term_string}"},"query-input":"required name=search_term_string"}],"inLanguage":"de"},{"@type":"Organization","@id":"https:\/\/mineralienliebe.de\/#organization","name":"Mineralienliebe.de","url":"https:\/\/mineralienliebe.de\/","logo":{"@type":"ImageObject","inLanguage":"de","@id":"https:\/\/mineralienliebe.de\/#\/schema\/logo\/image\/","url":"https:\/\/mineralienliebe.de\/wp-content\/uploads\/2022\/12\/cropped-Logo-e1679942130143.jpg","contentUrl":"https:\/\/mineralienliebe.de\/wp-content\/uploads\/2022\/12\/cropped-Logo-e1679942130143.jpg","width":896,"height":899,"caption":"Mineralienliebe.de"},"image":{"@id":"https:\/\/mineralienliebe.de\/#\/schema\/logo\/image\/"}}]}},"_links":{"self":[{"href":"https:\/\/mineralienliebe.de\/index.php?rest_route=\/wp\/v2\/product\/103","targetHints":{"allow":["GET"]}}],"collection":[{"href":"https:\/\/mineralienliebe.de\/index.php?rest_route=\/wp\/v2\/product"}],"about":[{"href":"https:\/\/mineralienliebe.de\/index.php?rest_route=\/wp\/v2\/types\/product"}],"replies":[{"embeddable":true,"href":"https:\/\/mineralienliebe.de\/index.php?rest_route=%2Fwp%2Fv2%2Fcomments&post=103"}],"wp:featuredmedia":[{"embeddable":true,"href":"https:\/\/mineralienliebe.de\/index.php?rest_route=\/wp\/v2\/media\/95"}],"wp:attachment":[{"href":"https:\/\/mineralienliebe.de\/index.php?rest_route=%2Fwp%2Fv2%2Fmedia&parent=103"}],"wp:term":[{"taxonomy":"product_cat","embeddable":true,"href":"https:\/\/mineralienliebe.de\/index.php?rest_route=%2Fwp%2Fv2%2Fproduct_cat&post=103"},{"taxonomy":"product_tag","embeddable":true,"href":"https:\/\/mineralienliebe.de\/index.php?rest_route=%2Fwp%2Fv2%2Fproduct_tag&post=103"}],"curies":[{"name":"wp","href":"https:\/\/api.w.org\/{rel}","templated":true}]}}